{"id":82,"date":"2017-04-11T13:01:07","date_gmt":"2017-04-11T16:01:07","guid":{"rendered":"https:\/\/sinuheoficial.com.br\/?page_id=82"},"modified":"2022-12-03T22:33:29","modified_gmt":"2022-12-04T01:33:29","slug":"cursos","status":"publish","type":"page","link":"http:\/\/www.sinuheoficial.com.br\/?page_id=82","title":{"rendered":"CURSOS"},"content":{"rendered":"<div class=\"row\">\n    <div class=\"col-lg-12 text-center align-self-start verso-text-normal\">\n    [vc_video link=&#8221;https:\/\/www.youtube.com\/watch?v=-9wr3Q1260g&#8221; title=&#8221;CURSO A MAGIA DO TAROT&#8221;]<\/div>\n<\/div>\n<div class=\"row\">\n    <div class=\"col-lg-12 verso-text-normal\">\n    [vc_column_text]<strong>CURSO MINISTRADO POR SINUHE DA SILVA VIEIRA<\/strong><br \/>\nO que saber sobre o Tarot? Existem v\u00e1rios tipos de Tarot.<br \/>\nO Tarot nos ajuda a entender melhor as quest\u00f5es em nossa vida. O Tarot nos orienta para tomarmos uma melhor decis\u00e3o. O Tarot \u00e9 terap\u00eautico. N\u00e3o perca!!! Informa\u00e7\u00f5es pelo Telefone (11) 2687-0743 ou pelo WhatsApp (11) 9 54723775 (somente mensagens no WhatsApp).[\/vc_column_text]<\/div>\n<\/div>\n<div class=\"row\">\n    <div class=\"col-lg-12 verso-text-normal\">\n    [vc_icon]<\/div>\n<\/div>\n","protected":false},"excerpt":{"rendered":"[vc_video link=\"https:\/\/www.youtube.com\/watch?v=-9wr3Q1260g\" title=\"CURSO A MAGIA DO TAROT\"] [vc_column_text]CURSO MINISTRADO POR SINUHE DA SILVA VIEIRA O que saber sobre o Tarot? Existem v\u00e1rios tipos de Tarot. O Tarot nos ajuda a &hellip; <a href=\"http:\/\/www.sinuheoficial.com.br\/?page_id=82\" class=\"more-link\">Continue lendo<span class=\"screen-reader-text\"> \"CURSOS\"<\/span><\/a>","protected":false},"author":1,"featured_media":0,"parent":0,"menu_order":0,"comment_status":"closed","ping_status":"closed","template":"","meta":{"footnotes":""},"class_list":["post-82","page","type-page","status-publish","hentry"],"_links":{"self":[{"href":"http:\/\/www.sinuheoficial.com.br\/index.php?rest_route=\/wp\/v2\/pages\/82","targetHints":{"allow":["GET"]}}],"collection":[{"href":"http:\/\/www.sinuheoficial.com.br\/index.php?rest_route=\/wp\/v2\/pages"}],"about":[{"href":"http:\/\/www.sinuheoficial.com.br\/index.php?rest_route=\/wp\/v2\/types\/page"}],"author":[{"embeddable":true,"href":"http:\/\/www.sinuheoficial.com.br\/index.php?rest_route=\/wp\/v2\/users\/1"}],"replies":[{"embeddable":true,"href":"http:\/\/www.sinuheoficial.com.br\/index.php?rest_route=%2Fwp%2Fv2%2Fcomments&post=82"}],"version-history":[{"count":8,"href":"http:\/\/www.sinuheoficial.com.br\/index.php?rest_route=\/wp\/v2\/pages\/82\/revisions"}],"predecessor-version":[{"id":534,"href":"http:\/\/www.sinuheoficial.com.br\/index.php?rest_route=\/wp\/v2\/pages\/82\/revisions\/534"}],"wp:attachment":[{"href":"http:\/\/www.sinuheoficial.com.br\/index.php?rest_route=%2Fwp%2Fv2%2Fmedia&parent=82"}],"curies":[{"name":"wp","href":"https:\/\/api.w.org\/{rel}","templated":true}]}}