{"id":86,"date":"2017-04-11T12:59:17","date_gmt":"2017-04-11T15:59:17","guid":{"rendered":"https:\/\/sinuheoficial.com.br\/?page_id=86"},"modified":"2023-01-22T19:18:54","modified_gmt":"2023-01-22T22:18:54","slug":"sobre-o-espaco","status":"publish","type":"page","link":"http:\/\/www.sinuheoficial.com.br\/?page_id=86","title":{"rendered":"SOBRE O ESPA\u00c7O"},"content":{"rendered":"<div class=\"row\">\n    <div class=\"col-lg-12 verso-text-normal\">\n    [vc_gallery type=&#8221;image_grid&#8221; images=&#8221;575,577,576,574,573,572,571,570,569,567&#8243; onclick=&#8221;img_link_large&#8221;][vc_column_text]O espa\u00e7o existe h\u00e1 mais de 15 anos, j\u00e1 recebeu e recebe muitas pessoas.<br \/>\nOs pacientes s\u00e3o cidade de S\u00e3o Paulo, dos munic\u00edpios, como tamb\u00e9m de outros lugares do Brasil e at\u00e9 fora do pa\u00eds, muitos pacientes que moram fora fazem o seu tratamento \u00e0 dist\u00e2ncia.<br \/>\nNo C.A.T.T.I aprendemos que para se ter sucesso em nossos objetivos precisamos acima de tudo ter amor, amor por n\u00f3s, pela a vida, pelas pessoas&#8230; e que sem isso n\u00e3o \u00e9 poss\u00edvel caminhar para frente.<br \/>\n\u00c9 feito todo um trabalho para voltarmos para dentro de n\u00f3s, passamos pela terapia com o Sinuhe e disso \u00e9 feito toda uma an\u00e1lise de como ser\u00e1 o tratamento dali em diante.<br \/>\nH\u00e1 o atendimento com os doutores espirituais, aonde \u00e9 feito todo um trabalho de limpeza energ\u00e9tica.<br \/>\nOs pacientes podem conversar com os doutores e outras entidades que fazem parte da equipe, atrav\u00e9s do m\u00e9dium que est\u00e1 dando passagem para o esp\u00edrito.<br \/>\nAcontecem muitos trabalhos, rituais, que ocorrem uma vez no m\u00eas, como por exemplo a &#8220;Live dos mortos&#8221; que auxilia os desencarnados, um trabalho bel\u00edssimo.\u00a0 Anteriormente, antes da pandemia do COVID &#8211; 19, esse trabalho era feito de forma presencial e com quase 10 anos que foi iniciado.<br \/>\nN\u00f3s convidamos voc\u00eas para estar participando da live atrav\u00e9s do canal no Youtube, para estar participando basta ir no link &#8220;Redes sociais&#8221; ou ir diretamente no Youtube e pesquisar &#8220;Sinuhe da Silva Vieira&#8221;, l\u00e1 al\u00e9m das lives que ficam gravadas, tem tamb\u00e9m muitas outras lives que s\u00e3o feitas durante toda a semana, como tamb\u00e9m outros programas.[\/vc_column_text][vc_text_separator title=&#8221;LOCALIZA\u00c7\u00c3O&#8221; color=&#8221;black&#8221; style=&#8221;shadow&#8221;][vc_gmaps link=&#8221;#E-8_JTNDaWZyYW1lJTIwc3JjJTNEJTIyaHR0cHMlM0ElMkYlMkZ3d3cuZ29vZ2xlLmNvbSUyRm1hcHMlMkZlbWJlZCUzRnBiJTNEJTIxMW0xOCUyMTFtMTIlMjExbTMlMjExZDM2NTguMDc3NDM2OTQ1ODc1NCUyMTJkLTQ2LjUzMTIzNTE4NTAyMjc1JTIxM2QtMjMuNTI5NzE3MDg0Njk4NjUzJTIxMm0zJTIxMWYwJTIxMmYwJTIxM2YwJTIxM20yJTIxMWkxMDI0JTIxMmk3NjglMjE0ZjEzLjElMjEzbTMlMjExbTIlMjExczB4OTRjZTVlM2Q5NzNiZTFiNSUyNTNBMHg1ZmY5MTg0ZjRmYWZmMWQ5JTIxMnNDLkEuVC5ULkklMjUyMC0lMjUyMENlbnRybyUyNTIwQWx0ZXJuYXRpdm8lMjUyMGRlJTI1MjBUZXJhcGlhJTI1MjBUcmFuc2Zvcm1hJTI1QzMlMjVBNyUyNUMzJTI1QTNvJTI1MjBJbnRlcmlvciUyMTVlMCUyMTNtMiUyMTFzcHQtQlIlMjEyc2JyJTIxNHYxNjcwMTgyMDc0NTE1JTIxNW0yJTIxMXNwdC1CUiUyMTJzYnIlMjIlMjB3aWR0aCUzRCUyMjYwMCUyMiUyMGhlaWdodCUzRCUyMjQ1MCUyMiUyMHN0eWxlJTNEJTIyYm9yZGVyJTNBMCUzQiUyMiUyMGFsbG93ZnVsbHNjcmVlbiUzRCUyMiUyMiUyMGxvYWRpbmclM0QlMjJsYXp5JTIyJTIwcmVmZXJyZXJwb2xpY3klM0QlMjJuby1yZWZlcnJlci13aGVuLWRvd25ncmFkZSUyMiUzRSUzQyUyRmlmcmFtZSUzRQ==&#8221;]<\/div>\n<\/div>\n<div class=\"row\">\n    <div class=\"col-lg-12 verso-text-normal\">\n    <\/div>\n<\/div>\n<div class=\"row\">\n    <div class=\"col-lg-12 verso-text-normal\">\n    <\/div>\n<\/div>\n<div class=\"row\">\n    <div class=\"col-lg-12 verso-text-normal\">\n    <\/div>\n<\/div>\n","protected":false},"excerpt":{"rendered":"[vc_gallery type=\"image_grid\" images=\"575,577,576,574,573,572,571,570,569,567\" onclick=\"img_link_large\"][vc_column_text]O espa\u00e7o existe h\u00e1 mais de 15 anos, j\u00e1 recebeu e recebe muitas pessoas. Os pacientes s\u00e3o cidade de S\u00e3o Paulo, dos munic\u00edpios, como tamb\u00e9m de outros &hellip; <a href=\"http:\/\/www.sinuheoficial.com.br\/?page_id=86\" class=\"more-link\">Continue lendo<span class=\"screen-reader-text\"> \"SOBRE O ESPA\u00c7O\"<\/span><\/a>","protected":false},"author":1,"featured_media":0,"parent":0,"menu_order":0,"comment_status":"closed","ping_status":"closed","template":"","meta":{"footnotes":""},"class_list":["post-86","page","type-page","status-publish","hentry"],"_links":{"self":[{"href":"http:\/\/www.sinuheoficial.com.br\/index.php?rest_route=\/wp\/v2\/pages\/86","targetHints":{"allow":["GET"]}}],"collection":[{"href":"http:\/\/www.sinuheoficial.com.br\/index.php?rest_route=\/wp\/v2\/pages"}],"about":[{"href":"http:\/\/www.sinuheoficial.com.br\/index.php?rest_route=\/wp\/v2\/types\/page"}],"author":[{"embeddable":true,"href":"http:\/\/www.sinuheoficial.com.br\/index.php?rest_route=\/wp\/v2\/users\/1"}],"replies":[{"embeddable":true,"href":"http:\/\/www.sinuheoficial.com.br\/index.php?rest_route=%2Fwp%2Fv2%2Fcomments&post=86"}],"version-history":[{"count":26,"href":"http:\/\/www.sinuheoficial.com.br\/index.php?rest_route=\/wp\/v2\/pages\/86\/revisions"}],"predecessor-version":[{"id":580,"href":"http:\/\/www.sinuheoficial.com.br\/index.php?rest_route=\/wp\/v2\/pages\/86\/revisions\/580"}],"wp:attachment":[{"href":"http:\/\/www.sinuheoficial.com.br\/index.php?rest_route=%2Fwp%2Fv2%2Fmedia&parent=86"}],"curies":[{"name":"wp","href":"https:\/\/api.w.org\/{rel}","templated":true}]}}